{"id":64,"date":"2010-05-30T11:27:43","date_gmt":"2010-05-30T09:27:43","guid":{"rendered":"http:\/\/localhost\/wordpress\/?page_id=64"},"modified":"2024-03-16T16:50:01","modified_gmt":"2024-03-16T15:50:01","slug":"termine-wp-event","status":"publish","type":"page","link":"https:\/\/www.feuerwehr-preith.de\/wordpress\/termine-wp-event\/","title":{"rendered":"Termine"},"content":{"rendered":"<h2>\u00dcbungsplan<\/h2>\n\n\n<p><strong>Genauer Termin steht noch nicht fest:<\/strong><\/p>\n<ul>\n<li>September: FW-Haus Feuerwehraktionswoche<\/li>\n<li>Oktober: Leistungspr\u00fcfung &#8222;Wasser&#8220; in Preith u. &#8222;THL&#8220; in Pollenfeld<\/li>\n<\/ul>\n<h2>Weitere Termine<\/h2>\n\n\n<ul>\n<li>Einweisung Fa. Rosenbauer des neuen MLF bei der FW Preith (Termin wird noch bekannt gegeben!)<\/li>\n<li>Atemschutz\u00fcbungen f\u00fcr ATG werden separat abgehalten! Termine werden fr\u00fchzeitig bekannt gegeben!<\/li>\n<li>Maschinisten\u00fcbungen bzw. zus\u00e4tzliche Einweisung f. das Fahrzeug werden separat abgehalten!<\/li>\n<li>Die Abnahme des Leistungsabzeichen THL in Pollenfeld ist am Samstag, 26.10.2024<\/li>\n<\/ul>\n<h2>Lehrg\u00e4nge\/Schulungen 2024<\/h2>\n<ul>\n<li>03.\/05.\/07.\/17.\/19.\/22.06.2024 Maschinistenlehrgang f\u00fcr L\u00f6schfahrzeuge Ort: Feuerwehrger\u00e4tehaus Eichst\u00e4tt<\/li>\n<li>Herbst 2024 MTA Basisausbildung f\u00fcr die Gemeinde Pollenfeld<\/li>\n<\/ul>\n<p><strong>Bei Interesse bitte rechtzeitig melden!<\/strong><\/p>\n<h2 class=\"entry-title\">Probealarme 2024<\/h2>\n<p>13. Januar \/ 06. April \/ 06. Juli \/ 05. Oktober<\/p>\n","protected":false},"excerpt":{"rendered":"<p>\u00dcbungsplan Genauer Termin steht noch nicht fest: September: FW-Haus Feuerwehraktionswoche Oktober: Leistungspr\u00fcfung &#8222;Wasser&#8220; in Preith u. &#8222;THL&#8220; in Pollenfeld Weitere Termine Einweisung Fa. Rosenbauer des neuen MLF bei der FW Preith (Termin wird noch bekannt gegeben!) Atemschutz\u00fcbungen f\u00fcr ATG werden separat abgehalten! Termine werden fr\u00fchzeitig bekannt gegeben! Maschinisten\u00fcbungen bzw. zus\u00e4tzliche Einweisung f. das Fahrzeug werden [&hellip;]<\/p>\n","protected":false},"author":1,"featured_media":0,"parent":0,"menu_order":0,"comment_status":"closed","ping_status":"open","template":"sidebar-page.php","meta":{"footnotes":""},"class_list":["post-64","page","type-page","status-publish","hentry"],"_links":{"self":[{"href":"https:\/\/www.feuerwehr-preith.de\/wordpress\/wp-json\/wp\/v2\/pages\/64","targetHints":{"allow":["GET"]}}],"collection":[{"href":"https:\/\/www.feuerwehr-preith.de\/wordpress\/wp-json\/wp\/v2\/pages"}],"about":[{"href":"https:\/\/www.feuerwehr-preith.de\/wordpress\/wp-json\/wp\/v2\/types\/page"}],"author":[{"embeddable":true,"href":"https:\/\/www.feuerwehr-preith.de\/wordpress\/wp-json\/wp\/v2\/users\/1"}],"replies":[{"embeddable":true,"href":"https:\/\/www.feuerwehr-preith.de\/wordpress\/wp-json\/wp\/v2\/comments?post=64"}],"version-history":[{"count":11,"href":"https:\/\/www.feuerwehr-preith.de\/wordpress\/wp-json\/wp\/v2\/pages\/64\/revisions"}],"predecessor-version":[{"id":1218,"href":"https:\/\/www.feuerwehr-preith.de\/wordpress\/wp-json\/wp\/v2\/pages\/64\/revisions\/1218"}],"wp:attachment":[{"href":"https:\/\/www.feuerwehr-preith.de\/wordpress\/wp-json\/wp\/v2\/media?parent=64"}],"curies":[{"name":"wp","href":"https:\/\/api.w.org\/{rel}","templated":true}]}}